{"id":51049,"date":"2023-10-09T17:27:42","date_gmt":"2023-10-09T16:27:42","guid":{"rendered":"https:\/\/ninaessendrop.com\/?page_id=51049"},"modified":"2023-10-09T17:40:30","modified_gmt":"2023-10-09T16:40:30","slug":"contact","status":"publish","type":"page","link":"https:\/\/ninaessendrop.com\/?page_id=51049","title":{"rendered":"Contact"},"content":{"rendered":"\t\t<div data-elementor-type=\"wp-page\" data-elementor-id=\"51049\" class=\"elementor elementor-51049\" data-elementor-post-type=\"page\">\n\t\t\t\t<div class=\"elementor-element elementor-element-01e21a2 e-con-full e-flex e-con e-parent\" data-id=\"01e21a2\" data-element_type=\"container\" data-e-type=\"container\" data-settings=\"{&quot;background_background&quot;:&quot;classic&quot;}\">\n\t\t<div class=\"elementor-element elementor-element-cc81fda e-con-full e-flex e-con e-child\" data-id=\"cc81fda\" data-element_type=\"container\" data-e-type=\"container\">\n\t\t\t\t<div class=\"elementor-element elementor-element-929ab0f elementor-widget elementor-widget-heading\" data-id=\"929ab0f\" data-element_type=\"widget\" data-e-type=\"widget\" data-widget_type=\"heading.default\">\n\t\t\t\t<div class=\"elementor-widget-container\">\n\t\t\t\t\t<h2 class=\"elementor-heading-title elementor-size-default\">Email<\/h2>\t\t\t\t<\/div>\n\t\t\t\t<\/div>\n\t\t\t\t<div class=\"elementor-element elementor-element-dd192ed elementor-widget elementor-widget-text-editor\" data-id=\"dd192ed\" data-element_type=\"widget\" data-e-type=\"widget\" data-widget_type=\"text-editor.default\">\n\t\t\t\t<div class=\"elementor-widget-container\">\n\t\t\t\t\t\t\t\t\t<p>Ninaessendrop@gmail.com<\/p>\t\t\t\t\t\t\t\t<\/div>\n\t\t\t\t<\/div>\n\t\t\t\t<\/div>\n\t\t\t\t<div class=\"elementor-element elementor-element-d3c6153 elementor-widget__width-initial elementor-widget-tablet__width-inherit elementor-widget elementor-widget-image\" data-id=\"d3c6153\" data-element_type=\"widget\" data-e-type=\"widget\" data-widget_type=\"image.default\">\n\t\t\t\t<div class=\"elementor-widget-container\">\n\t\t\t\t\t\t\t\t\t\t\t\t\t\t\t<img fetchpriority=\"high\" decoding=\"async\" data-attachment-id=\"50534\" data-permalink=\"https:\/\/ninaessendrop.com\/?attachment_id=50534\" data-orig-file=\"https:\/\/i0.wp.com\/ninaessendrop.com\/wp-content\/uploads\/2017\/07\/Rollespil-12.jpg?fit=1327%2C885&amp;ssl=1\" data-orig-size=\"1327,885\" data-comments-opened=\"1\" data-image-meta=\"{&quot;aperture&quot;:&quot;0&quot;,&quot;credit&quot;:&quot;&quot;,&quot;camera&quot;:&quot;&quot;,&quot;caption&quot;:&quot;&quot;,&quot;created_timestamp&quot;:&quot;0&quot;,&quot;copyright&quot;:&quot;&quot;,&quot;focal_length&quot;:&quot;0&quot;,&quot;iso&quot;:&quot;0&quot;,&quot;shutter_speed&quot;:&quot;0&quot;,&quot;title&quot;:&quot;&quot;,&quot;orientation&quot;:&quot;0&quot;}\" data-image-title=\"Rollespil-12\" data-image-description=\"\" data-image-caption=\"\" data-large-file=\"https:\/\/i0.wp.com\/ninaessendrop.com\/wp-content\/uploads\/2017\/07\/Rollespil-12.jpg?fit=800%2C534&amp;ssl=1\" width=\"800\" height=\"534\" src=\"https:\/\/i0.wp.com\/ninaessendrop.com\/wp-content\/uploads\/2017\/07\/Rollespil-12.jpg?fit=800%2C534&amp;ssl=1\" class=\"attachment-large size-large wp-image-50534\" alt=\"\" srcset=\"https:\/\/i0.wp.com\/ninaessendrop.com\/wp-content\/uploads\/2017\/07\/Rollespil-12.jpg?w=1327&amp;ssl=1 1327w, https:\/\/i0.wp.com\/ninaessendrop.com\/wp-content\/uploads\/2017\/07\/Rollespil-12.jpg?resize=300%2C200&amp;ssl=1 300w, https:\/\/i0.wp.com\/ninaessendrop.com\/wp-content\/uploads\/2017\/07\/Rollespil-12.jpg?resize=768%2C512&amp;ssl=1 768w, https:\/\/i0.wp.com\/ninaessendrop.com\/wp-content\/uploads\/2017\/07\/Rollespil-12.jpg?resize=1024%2C683&amp;ssl=1 1024w, https:\/\/i0.wp.com\/ninaessendrop.com\/wp-content\/uploads\/2017\/07\/Rollespil-12.jpg?resize=700%2C467&amp;ssl=1 700w\" sizes=\"(max-width: 800px) 100vw, 800px\" data-attachment-id=\"50534\" data-permalink=\"https:\/\/ninaessendrop.com\/?attachment_id=50534\" data-orig-file=\"https:\/\/i0.wp.com\/ninaessendrop.com\/wp-content\/uploads\/2017\/07\/Rollespil-12.jpg?fit=1327%2C885&amp;ssl=1\" data-orig-size=\"1327,885\" data-comments-opened=\"1\" data-image-meta=\"{&quot;aperture&quot;:&quot;0&quot;,&quot;credit&quot;:&quot;&quot;,&quot;camera&quot;:&quot;&quot;,&quot;caption&quot;:&quot;&quot;,&quot;created_timestamp&quot;:&quot;0&quot;,&quot;copyright&quot;:&quot;&quot;,&quot;focal_length&quot;:&quot;0&quot;,&quot;iso&quot;:&quot;0&quot;,&quot;shutter_speed&quot;:&quot;0&quot;,&quot;title&quot;:&quot;&quot;,&quot;orientation&quot;:&quot;0&quot;}\" data-image-title=\"Rollespil-12\" data-image-description=\"\" data-image-caption=\"\" data-large-file=\"https:\/\/i0.wp.com\/ninaessendrop.com\/wp-content\/uploads\/2017\/07\/Rollespil-12.jpg?fit=800%2C534&amp;ssl=1\" \/>\t\t\t\t\t\t\t\t\t\t\t\t\t\t\t<\/div>\n\t\t\t\t<\/div>\n\t\t\t\t<\/div>\n\t\t\t\t<\/div>\n\t\t","protected":false},"excerpt":{"rendered":"<p>Email Ninaessendrop@gmail.com<\/p>\n","protected":false},"author":1,"featured_media":0,"parent":0,"menu_order":0,"comment_status":"closed","ping_status":"closed","template":"elementor_header_footer","meta":{"_oct_exclude_from_cache":false,"footnotes":""},"class_list":["post-51049","page","type-page","status-publish","hentry"],"jetpack_shortlink":"https:\/\/wp.me\/P8WKZp-dhn","jetpack-related-posts":[{"id":50321,"url":"https:\/\/ninaessendrop.com\/?page_id=50321","url_meta":{"origin":51049,"position":0},"title":"Strangers","author":"Peter Munthe-Kaas","date":"July 10, 2017","format":false,"excerpt":"Strangers Non-verbal \u2013 Abstract \u2013 Physical Two cultures in neighbouring countries. Not friends and not enemies, each minding their own business. Then catastrophe hits one country, forcing the inhabitants to flee and seek refuge among their foreign neighbours. Two cultures in neighbouring countries. Not friends and not enemies, each minding\u2026","rel":"","context":"Similar post","block_context":{"text":"Similar post","link":""},"img":{"alt_text":"","src":"https:\/\/i0.wp.com\/www.ninaessendrop.com\/wp-content\/uploads\/2017\/07\/lovepiece-56-of-83.jpg?resize=350%2C200","width":350,"height":200,"srcset":"https:\/\/i0.wp.com\/www.ninaessendrop.com\/wp-content\/uploads\/2017\/07\/lovepiece-56-of-83.jpg?resize=350%2C200 1x, https:\/\/i0.wp.com\/www.ninaessendrop.com\/wp-content\/uploads\/2017\/07\/lovepiece-56-of-83.jpg?resize=525%2C300 1.5x, https:\/\/i0.wp.com\/www.ninaessendrop.com\/wp-content\/uploads\/2017\/07\/lovepiece-56-of-83.jpg?resize=700%2C400 2x"},"classes":[]},{"id":51000,"url":"https:\/\/ninaessendrop.com\/?page_id=51000","url_meta":{"origin":51049,"position":1},"title":"Innocence","author":"Peter Munthe-Kaas","date":"October 9, 2023","format":false,"excerpt":"Innocence Non-verbal \u2013 Abstract \u2013 Physical Innocence is a physical scenario exploring topics like friendship, immediacy, strong emotions and the value of things that make life hard. The game uses gibberish as language. Lost and confused and with a longing for something they barely can remember they start to explore\u2026","rel":"","context":"Similar post","block_context":{"text":"Similar post","link":""},"img":{"alt_text":"","src":"https:\/\/i0.wp.com\/www.ninaessendrop.com\/wp-content\/uploads\/2017\/07\/IMG_5694-1024x768.jpg?resize=350%2C200","width":350,"height":200,"srcset":"https:\/\/i0.wp.com\/www.ninaessendrop.com\/wp-content\/uploads\/2017\/07\/IMG_5694-1024x768.jpg?resize=350%2C200 1x, https:\/\/i0.wp.com\/www.ninaessendrop.com\/wp-content\/uploads\/2017\/07\/IMG_5694-1024x768.jpg?resize=525%2C300 1.5x, https:\/\/i0.wp.com\/www.ninaessendrop.com\/wp-content\/uploads\/2017\/07\/IMG_5694-1024x768.jpg?resize=700%2C400 2x"},"classes":[]},{"id":51007,"url":"https:\/\/ninaessendrop.com\/?page_id=51007","url_meta":{"origin":51049,"position":2},"title":"Human Experience","author":"Peter Munthe-Kaas","date":"October 9, 2023","format":false,"excerpt":"Human Experience Non-verbal \u2013 Abstract \u2013 Physical \u201cHuman Experience\u201d is a physical, immersive larp about the sensations we get from movements, touch and senses. The players play Ancient Consciousnesses who shortly get to experience life through a human body. \u201cHuman Experience\u201d is a physical, immersive larp about the sensations we\u2026","rel":"","context":"Similar post","block_context":{"text":"Similar post","link":""},"img":{"alt_text":"","src":"https:\/\/i0.wp.com\/www.ninaessendrop.com\/wp-content\/uploads\/2017\/07\/32805661792_d3c8db550e_o-1-1024x683.jpg?resize=350%2C200","width":350,"height":200,"srcset":"https:\/\/i0.wp.com\/www.ninaessendrop.com\/wp-content\/uploads\/2017\/07\/32805661792_d3c8db550e_o-1-1024x683.jpg?resize=350%2C200 1x, https:\/\/i0.wp.com\/www.ninaessendrop.com\/wp-content\/uploads\/2017\/07\/32805661792_d3c8db550e_o-1-1024x683.jpg?resize=525%2C300 1.5x, https:\/\/i0.wp.com\/www.ninaessendrop.com\/wp-content\/uploads\/2017\/07\/32805661792_d3c8db550e_o-1-1024x683.jpg?resize=700%2C400 2x"},"classes":[]},{"id":51023,"url":"https:\/\/ninaessendrop.com\/?page_id=51023","url_meta":{"origin":51049,"position":3},"title":"Fragile Lives of Souls Gone Missing","author":"Peter Munthe-Kaas","date":"October 9, 2023","format":false,"excerpt":"Fragile Lives of Souls gone missing Non-verbal \u2013 Abstract \u2013 Physical The fragile life of souls gone missing is a poetic larp about loneliness, being caught in personal world views and about the beauty of fragile interaction and small moments.\u00a0 The fragile life of souls gone missing is a poetic\u2026","rel":"","context":"Similar post","block_context":{"text":"Similar post","link":""},"img":{"alt_text":"","src":"https:\/\/i0.wp.com\/www.ninaessendrop.com\/wp-content\/uploads\/2017\/07\/unspecified4-1024x681.jpg?resize=350%2C200","width":350,"height":200,"srcset":"https:\/\/i0.wp.com\/www.ninaessendrop.com\/wp-content\/uploads\/2017\/07\/unspecified4-1024x681.jpg?resize=350%2C200 1x, https:\/\/i0.wp.com\/www.ninaessendrop.com\/wp-content\/uploads\/2017\/07\/unspecified4-1024x681.jpg?resize=525%2C300 1.5x, https:\/\/i0.wp.com\/www.ninaessendrop.com\/wp-content\/uploads\/2017\/07\/unspecified4-1024x681.jpg?resize=700%2C400 2x"},"classes":[]},{"id":51014,"url":"https:\/\/ninaessendrop.com\/?page_id=51014","url_meta":{"origin":51049,"position":4},"title":"Before We Wake","author":"Peter Munthe-Kaas","date":"October 9, 2023","format":false,"excerpt":"Before We Wake Non-verbal \u2013 Abstract \u2013 Physical \u2018Before We Wake\u2019 is a journey into the subconscious. By sharing and exploring your own dreams, you connect with your dream avatar, the Dream Envoy, while it tries to connect with you.\u00a0 w. Peter Sch\u00f8nemann Andreasen, Jesper Heeb\u00f8ll Arbj\u00f8rn, Hedda Fich. Sanne\u2026","rel":"","context":"Similar post","block_context":{"text":"Similar post","link":""},"img":{"alt_text":"","src":"https:\/\/i0.wp.com\/www.ninaessendrop.com\/wp-content\/uploads\/2017\/07\/DSC_0152-1-1024x576.jpg?resize=350%2C200","width":350,"height":200,"srcset":"https:\/\/i0.wp.com\/www.ninaessendrop.com\/wp-content\/uploads\/2017\/07\/DSC_0152-1-1024x576.jpg?resize=350%2C200 1x, https:\/\/i0.wp.com\/www.ninaessendrop.com\/wp-content\/uploads\/2017\/07\/DSC_0152-1-1024x576.jpg?resize=525%2C300 1.5x, https:\/\/i0.wp.com\/www.ninaessendrop.com\/wp-content\/uploads\/2017\/07\/DSC_0152-1-1024x576.jpg?resize=700%2C400 2x"},"classes":[]},{"id":50960,"url":"https:\/\/ninaessendrop.com\/?page_id=50960","url_meta":{"origin":51049,"position":5},"title":"White Death","author":"Peter Munthe-Kaas","date":"October 9, 2023","format":false,"excerpt":"White Death Non-verbal \u2013 Abstract \u2013 Physical A poetic, non-verbal larp that emphasizes physical expression. The players are guided through feelings like anger, frustration, sorrow, and fear \u2013 and the feelings of peace and closeness which follow the characters\u2019 gentle deaths. Music by Tom Waits, Nick Cave and Johnny Cash\u2026","rel":"","context":"Similar post","block_context":{"text":"Similar post","link":""},"img":{"alt_text":"","src":"https:\/\/i0.wp.com\/www.ninaessendrop.com\/wp-content\/uploads\/2017\/07\/Malm%C3%B818-1024x681.jpg?resize=350%2C200","width":350,"height":200,"srcset":"https:\/\/i0.wp.com\/www.ninaessendrop.com\/wp-content\/uploads\/2017\/07\/Malm%C3%B818-1024x681.jpg?resize=350%2C200 1x, https:\/\/i0.wp.com\/www.ninaessendrop.com\/wp-content\/uploads\/2017\/07\/Malm%C3%B818-1024x681.jpg?resize=525%2C300 1.5x, https:\/\/i0.wp.com\/www.ninaessendrop.com\/wp-content\/uploads\/2017\/07\/Malm%C3%B818-1024x681.jpg?resize=700%2C400 2x"},"classes":[]}],"jetpack_sharing_enabled":true,"_links":{"self":[{"href":"https:\/\/ninaessendrop.com\/index.php?rest_route=\/wp\/v2\/pages\/51049","targetHints":{"allow":["GET"]}}],"collection":[{"href":"https:\/\/ninaessendrop.com\/index.php?rest_route=\/wp\/v2\/pages"}],"about":[{"href":"https:\/\/ninaessendrop.com\/index.php?rest_route=\/wp\/v2\/types\/page"}],"author":[{"embeddable":true,"href":"https:\/\/ninaessendrop.com\/index.php?rest_route=\/wp\/v2\/users\/1"}],"replies":[{"embeddable":true,"href":"https:\/\/ninaessendrop.com\/index.php?rest_route=%2Fwp%2Fv2%2Fcomments&post=51049"}],"version-history":[{"count":7,"href":"https:\/\/ninaessendrop.com\/index.php?rest_route=\/wp\/v2\/pages\/51049\/revisions"}],"predecessor-version":[{"id":51063,"href":"https:\/\/ninaessendrop.com\/index.php?rest_route=\/wp\/v2\/pages\/51049\/revisions\/51063"}],"wp:attachment":[{"href":"https:\/\/ninaessendrop.com\/index.php?rest_route=%2Fwp%2Fv2%2Fmedia&parent=51049"}],"curies":[{"name":"wp","href":"https:\/\/api.w.org\/{rel}","templated":true}]}}